{"id":7029,"date":"2023-10-06T04:13:39","date_gmt":"2023-10-06T04:13:39","guid":{"rendered":"https:\/\/miniture.novaworks.net\/?page_id=16"},"modified":"2024-11-14T09:41:23","modified_gmt":"2024-11-14T09:41:23","slug":"faqs","status":"publish","type":"page","link":"https:\/\/bildjuwel.de\/en\/faqs\/","title":{"rendered":"FAQs"},"content":{"rendered":"<div data-elementor-type=\"wp-page\" data-elementor-id=\"7029\" class=\"elementor elementor-7029\" data-elementor-post-type=\"page\">\n\t\t\t\t<div class=\"elementor-element elementor-element-d233192 e-con-full e-flex kitify-col-width-auto-no ignore-docs-style-no kitify-disable-relative-no e-root-container elementor-top-section e-con e-parent\" data-id=\"d233192\" data-element_type=\"container\" data-e-type=\"container\" data-settings=\"{&quot;background_background&quot;:&quot;classic&quot;}\">\n\t\t\t\t<div class=\"elementor-element elementor-element-602db00 elementor-widget elementor-widget-heading\" data-id=\"602db00\" data-element_type=\"widget\" data-e-type=\"widget\" data-widget_type=\"heading.default\">\n\t\t\t\t<div class=\"elementor-widget-container\">\n\t\t\t\t\t<h2 class=\"elementor-heading-title elementor-size-default\">H\u00e4ufig gestellte Fragen\n<\/h2>\t\t\t\t<\/div>\n\t\t\t\t<\/div>\n\t\t\t\t<div class=\"elementor-element elementor-element-58143e7 elementor-widget__width-initial elementor-widget elementor-widget-text-editor\" data-id=\"58143e7\" data-element_type=\"widget\" data-e-type=\"widget\" data-widget_type=\"text-editor.default\">\n\t\t\t\t<div class=\"elementor-widget-container\">\n\t\t\t\t\t\t\t\t\tHier finden Sie Antworten auf h\u00e4ufig gestellte Fragen zu unseren Kunstsammlungen, Bestellung, Versand und mehr.\t\t\t\t\t\t\t\t<\/div>\n\t\t\t\t<\/div>\n\t\t\t\t<\/div>\n\t\t<div class=\"elementor-element elementor-element-be9da2e e-flex e-con-boxed kitify-col-width-auto-no ignore-docs-style-no kitify-disable-relative-no e-root-container elementor-top-section e-con e-parent\" data-id=\"be9da2e\" data-element_type=\"container\" data-e-type=\"container\">\n\t\t\t\t\t<div class=\"e-con-inner\">\n\t\t<div class=\"elementor-element elementor-element-dc33317 e-con-full e-flex kitify-col-width-auto-no ignore-docs-style-no kitify-disable-relative-no e-con e-child\" data-id=\"dc33317\" data-element_type=\"container\" data-e-type=\"container\">\n\t\t\t\t<div class=\"elementor-element elementor-element-585d227 elementor-widget elementor-widget-accordion\" data-id=\"585d227\" data-element_type=\"widget\" data-e-type=\"widget\" data-widget_type=\"accordion.default\">\n\t\t\t\t<div class=\"elementor-widget-container\">\n\t\t\t\t\t\t\t<div class=\"elementor-accordion\">\n\t\t\t\t\t\t\t<div class=\"elementor-accordion-item\">\n\t\t\t\t\t<div id=\"elementor-tab-title-9261\" class=\"elementor-tab-title\" data-tab=\"1\" role=\"button\" aria-controls=\"elementor-tab-content-9261\" aria-expanded=\"false\">\n\t\t\t\t\t\t\t\t\t\t\t\t\t<span class=\"elementor-accordion-icon elementor-accordion-icon-right\" aria-hidden=\"true\">\n\t\t\t\t\t\t\t\t\t\t\t\t\t\t\t<span class=\"elementor-accordion-icon-closed\"><i class=\"dlicon ui-1_simple-add\"><\/i><\/span>\n\t\t\t\t\t\t\t\t<span class=\"elementor-accordion-icon-opened\"><i class=\"dlicon ui-1_simple-delete\"><\/i><\/span>\n\t\t\t\t\t\t\t\t\t\t\t\t\t\t<\/span>\n\t\t\t\t\t\t\t\t\t\t\t\t<a class=\"elementor-accordion-title\" tabindex=\"0\">Welche Arten von Kunst bieten Sie an?<\/a>\n\t\t\t\t\t<\/div>\n\t\t\t\t\t<div id=\"elementor-tab-content-9261\" class=\"elementor-tab-content elementor-clearfix\" data-tab=\"1\" role=\"region\" aria-labelledby=\"elementor-tab-title-9261\">Wir bieten eine breite Palette an Kunst an, darunter Kinderkunst, Tierkunst, abstrakte, pflanzliche, mystische und ruhige Kunst.<\/div>\n\t\t\t\t<\/div>\n\t\t\t\t\t\t\t<div class=\"elementor-accordion-item\">\n\t\t\t\t\t<div id=\"elementor-tab-title-9262\" class=\"elementor-tab-title\" data-tab=\"2\" role=\"button\" aria-controls=\"elementor-tab-content-9262\" aria-expanded=\"false\">\n\t\t\t\t\t\t\t\t\t\t\t\t\t<span class=\"elementor-accordion-icon elementor-accordion-icon-right\" aria-hidden=\"true\">\n\t\t\t\t\t\t\t\t\t\t\t\t\t\t\t<span class=\"elementor-accordion-icon-closed\"><i class=\"dlicon ui-1_simple-add\"><\/i><\/span>\n\t\t\t\t\t\t\t\t<span class=\"elementor-accordion-icon-opened\"><i class=\"dlicon ui-1_simple-delete\"><\/i><\/span>\n\t\t\t\t\t\t\t\t\t\t\t\t\t\t<\/span>\n\t\t\t\t\t\t\t\t\t\t\t\t<a class=\"elementor-accordion-title\" tabindex=\"0\">Wie kann ich eine Bestellung aufgeben?<\/a>\n\t\t\t\t\t<\/div>\n\t\t\t\t\t<div id=\"elementor-tab-content-9262\" class=\"elementor-tab-content elementor-clearfix\" data-tab=\"2\" role=\"region\" aria-labelledby=\"elementor-tab-title-9262\">St\u00f6bern Sie einfach in unseren Kollektionen, legen Sie die von Ihnen ausgew\u00e4hlte Kunst in den Warenkorb und schlie\u00dfen Sie den Kauf ab.<\/div>\n\t\t\t\t<\/div>\n\t\t\t\t\t\t\t<div class=\"elementor-accordion-item\">\n\t\t\t\t\t<div id=\"elementor-tab-title-9263\" class=\"elementor-tab-title\" data-tab=\"3\" role=\"button\" aria-controls=\"elementor-tab-content-9263\" aria-expanded=\"false\">\n\t\t\t\t\t\t\t\t\t\t\t\t\t<span class=\"elementor-accordion-icon elementor-accordion-icon-right\" aria-hidden=\"true\">\n\t\t\t\t\t\t\t\t\t\t\t\t\t\t\t<span class=\"elementor-accordion-icon-closed\"><i class=\"dlicon ui-1_simple-add\"><\/i><\/span>\n\t\t\t\t\t\t\t\t<span class=\"elementor-accordion-icon-opened\"><i class=\"dlicon ui-1_simple-delete\"><\/i><\/span>\n\t\t\t\t\t\t\t\t\t\t\t\t\t\t<\/span>\n\t\t\t\t\t\t\t\t\t\t\t\t<a class=\"elementor-accordion-title\" tabindex=\"0\">Bieten Sie internationalen Versand an?<\/a>\n\t\t\t\t\t<\/div>\n\t\t\t\t\t<div id=\"elementor-tab-content-9263\" class=\"elementor-tab-content elementor-clearfix\" data-tab=\"3\" role=\"region\" aria-labelledby=\"elementor-tab-title-9263\">Ja, wir versenden weltweit! Versandkosten und Lieferzeiten variieren je nach Standort.<\/div>\n\t\t\t\t<\/div>\n\t\t\t\t\t\t\t<div class=\"elementor-accordion-item\">\n\t\t\t\t\t<div id=\"elementor-tab-title-9264\" class=\"elementor-tab-title\" data-tab=\"4\" role=\"button\" aria-controls=\"elementor-tab-content-9264\" aria-expanded=\"false\">\n\t\t\t\t\t\t\t\t\t\t\t\t\t<span class=\"elementor-accordion-icon elementor-accordion-icon-right\" aria-hidden=\"true\">\n\t\t\t\t\t\t\t\t\t\t\t\t\t\t\t<span class=\"elementor-accordion-icon-closed\"><i class=\"dlicon ui-1_simple-add\"><\/i><\/span>\n\t\t\t\t\t\t\t\t<span class=\"elementor-accordion-icon-opened\"><i class=\"dlicon ui-1_simple-delete\"><\/i><\/span>\n\t\t\t\t\t\t\t\t\t\t\t\t\t\t<\/span>\n\t\t\t\t\t\t\t\t\t\t\t\t<a class=\"elementor-accordion-title\" tabindex=\"0\">Kann ich ein individuelles Kunstwerk anfordern?<\/a>\n\t\t\t\t\t<\/div>\n\t\t\t\t\t<div id=\"elementor-tab-content-9264\" class=\"elementor-tab-content elementor-clearfix\" data-tab=\"4\" role=\"region\" aria-labelledby=\"elementor-tab-title-9264\">Wir bieten derzeit eine Auswahl kuratierter St\u00fccke an, wenden Sie sich jedoch an uns, wenn Sie an individuellen Optionen interessiert sind.<\/div>\n\t\t\t\t<\/div>\n\t\t\t\t\t\t\t\t\t\t<script type=\"application\/ld+json\">{\"@context\":\"https:\\\/\\\/schema.org\",\"@type\":\"FAQPage\",\"mainEntity\":[{\"@type\":\"Question\",\"name\":\"Welche Arten von Kunst bieten Sie an?\",\"acceptedAnswer\":{\"@type\":\"Answer\",\"text\":\"Wir bieten eine breite Palette an Kunst an, darunter Kinderkunst, Tierkunst, abstrakte, pflanzliche, mystische und ruhige Kunst.\"}},{\"@type\":\"Question\",\"name\":\"Wie kann ich eine Bestellung aufgeben?\",\"acceptedAnswer\":{\"@type\":\"Answer\",\"text\":\"St\\u00f6bern Sie einfach in unseren Kollektionen, legen Sie die von Ihnen ausgew\\u00e4hlte Kunst in den Warenkorb und schlie\\u00dfen Sie den Kauf ab.\"}},{\"@type\":\"Question\",\"name\":\"Bieten Sie internationalen Versand an?\",\"acceptedAnswer\":{\"@type\":\"Answer\",\"text\":\"Ja, wir versenden weltweit! Versandkosten und Lieferzeiten variieren je nach Standort.\"}},{\"@type\":\"Question\",\"name\":\"Kann ich ein individuelles Kunstwerk anfordern?\",\"acceptedAnswer\":{\"@type\":\"Answer\",\"text\":\"Wir bieten derzeit eine Auswahl kuratierter St\\u00fccke an, wenden Sie sich jedoch an uns, wenn Sie an individuellen Optionen interessiert sind.\"}}]}<\/script>\n\t\t\t\t\t<\/div>\n\t\t\t\t\t\t<\/div>\n\t\t\t\t<\/div>\n\t\t\t\t<\/div>\n\t\t<div class=\"elementor-element elementor-element-85ed140 e-con-full e-flex kitify-col-width-auto-no ignore-docs-style-no kitify-disable-relative-no e-con e-child\" data-id=\"85ed140\" data-element_type=\"container\" data-e-type=\"container\">\n\t\t\t\t<div class=\"elementor-element elementor-element-feeb9c4 elementor-widget elementor-widget-accordion\" data-id=\"feeb9c4\" data-element_type=\"widget\" data-e-type=\"widget\" data-widget_type=\"accordion.default\">\n\t\t\t\t<div class=\"elementor-widget-container\">\n\t\t\t\t\t\t\t<div class=\"elementor-accordion\">\n\t\t\t\t\t\t\t<div class=\"elementor-accordion-item\">\n\t\t\t\t\t<div id=\"elementor-tab-title-2671\" class=\"elementor-tab-title\" data-tab=\"1\" role=\"button\" aria-controls=\"elementor-tab-content-2671\" aria-expanded=\"false\">\n\t\t\t\t\t\t\t\t\t\t\t\t\t<span class=\"elementor-accordion-icon elementor-accordion-icon-right\" aria-hidden=\"true\">\n\t\t\t\t\t\t\t\t\t\t\t\t\t\t\t<span class=\"elementor-accordion-icon-closed\"><i class=\"dlicon ui-1_simple-add\"><\/i><\/span>\n\t\t\t\t\t\t\t\t<span class=\"elementor-accordion-icon-opened\"><i class=\"dlicon ui-1_simple-delete\"><\/i><\/span>\n\t\t\t\t\t\t\t\t\t\t\t\t\t\t<\/span>\n\t\t\t\t\t\t\t\t\t\t\t\t<a class=\"elementor-accordion-title\" tabindex=\"0\">Wie lauten Ihre R\u00fcckgabebedingungen?<\/a>\n\t\t\t\t\t<\/div>\n\t\t\t\t\t<div id=\"elementor-tab-content-2671\" class=\"elementor-tab-content elementor-clearfix\" data-tab=\"1\" role=\"region\" aria-labelledby=\"elementor-tab-title-2671\">Wir akzeptieren R\u00fccksendungen innerhalb von 30 Tagen nach dem Kauf. Weitere Informationen finden Sie auf unserer Seite \u201eR\u00fcckgabebedingungen\u201c.<\/div>\n\t\t\t\t<\/div>\n\t\t\t\t\t\t\t<div class=\"elementor-accordion-item\">\n\t\t\t\t\t<div id=\"elementor-tab-title-2672\" class=\"elementor-tab-title\" data-tab=\"2\" role=\"button\" aria-controls=\"elementor-tab-content-2672\" aria-expanded=\"false\">\n\t\t\t\t\t\t\t\t\t\t\t\t\t<span class=\"elementor-accordion-icon elementor-accordion-icon-right\" aria-hidden=\"true\">\n\t\t\t\t\t\t\t\t\t\t\t\t\t\t\t<span class=\"elementor-accordion-icon-closed\"><i class=\"dlicon ui-1_simple-add\"><\/i><\/span>\n\t\t\t\t\t\t\t\t<span class=\"elementor-accordion-icon-opened\"><i class=\"dlicon ui-1_simple-delete\"><\/i><\/span>\n\t\t\t\t\t\t\t\t\t\t\t\t\t\t<\/span>\n\t\t\t\t\t\t\t\t\t\t\t\t<a class=\"elementor-accordion-title\" tabindex=\"0\">Wie kann ich meine Bestellung verfolgen?<\/a>\n\t\t\t\t\t<\/div>\n\t\t\t\t\t<div id=\"elementor-tab-content-2672\" class=\"elementor-tab-content elementor-clearfix\" data-tab=\"2\" role=\"region\" aria-labelledby=\"elementor-tab-title-2672\">Sobald Ihre Bestellung versendet wird, erhalten Sie per E-Mail einen Tracking-Link f\u00fcr Echtzeit-Updates.<\/div>\n\t\t\t\t<\/div>\n\t\t\t\t\t\t\t<div class=\"elementor-accordion-item\">\n\t\t\t\t\t<div id=\"elementor-tab-title-2673\" class=\"elementor-tab-title\" data-tab=\"3\" role=\"button\" aria-controls=\"elementor-tab-content-2673\" aria-expanded=\"false\">\n\t\t\t\t\t\t\t\t\t\t\t\t\t<span class=\"elementor-accordion-icon elementor-accordion-icon-right\" aria-hidden=\"true\">\n\t\t\t\t\t\t\t\t\t\t\t\t\t\t\t<span class=\"elementor-accordion-icon-closed\"><i class=\"dlicon ui-1_simple-add\"><\/i><\/span>\n\t\t\t\t\t\t\t\t<span class=\"elementor-accordion-icon-opened\"><i class=\"dlicon ui-1_simple-delete\"><\/i><\/span>\n\t\t\t\t\t\t\t\t\t\t\t\t\t\t<\/span>\n\t\t\t\t\t\t\t\t\t\t\t\t<a class=\"elementor-accordion-title\" tabindex=\"0\">Gibt es Rabatte bei Gro\u00dfeink\u00e4ufen?<\/a>\n\t\t\t\t\t<\/div>\n\t\t\t\t\t<div id=\"elementor-tab-content-2673\" class=\"elementor-tab-content elementor-clearfix\" data-tab=\"3\" role=\"region\" aria-labelledby=\"elementor-tab-title-2673\">Ja! Kontaktieren Sie uns f\u00fcr Sonderkonditionen f\u00fcr Gro\u00df- oder Gesch\u00e4ftsk\u00e4ufe.<\/div>\n\t\t\t\t<\/div>\n\t\t\t\t\t\t\t<div class=\"elementor-accordion-item\">\n\t\t\t\t\t<div id=\"elementor-tab-title-2674\" class=\"elementor-tab-title\" data-tab=\"4\" role=\"button\" aria-controls=\"elementor-tab-content-2674\" aria-expanded=\"false\">\n\t\t\t\t\t\t\t\t\t\t\t\t\t<span class=\"elementor-accordion-icon elementor-accordion-icon-right\" aria-hidden=\"true\">\n\t\t\t\t\t\t\t\t\t\t\t\t\t\t\t<span class=\"elementor-accordion-icon-closed\"><i class=\"dlicon ui-1_simple-add\"><\/i><\/span>\n\t\t\t\t\t\t\t\t<span class=\"elementor-accordion-icon-opened\"><i class=\"dlicon ui-1_simple-delete\"><\/i><\/span>\n\t\t\t\t\t\t\t\t\t\t\t\t\t\t<\/span>\n\t\t\t\t\t\t\t\t\t\t\t\t<a class=\"elementor-accordion-title\" tabindex=\"0\">Wie pflege ich mein Kunstwerk?<\/a>\n\t\t\t\t\t<\/div>\n\t\t\t\t\t<div id=\"elementor-tab-content-2674\" class=\"elementor-tab-content elementor-clearfix\" data-tab=\"4\" role=\"region\" aria-labelledby=\"elementor-tab-title-2674\">Um optimale Ergebnisse zu erzielen, halten Sie Ihre Kunstwerke von direkter Sonneneinstrahlung fern und verwenden Sie sanfte Methoden zum Abstauben.<\/div>\n\t\t\t\t<\/div>\n\t\t\t\t\t\t\t\t\t\t<script type=\"application\/ld+json\">{\"@context\":\"https:\\\/\\\/schema.org\",\"@type\":\"FAQPage\",\"mainEntity\":[{\"@type\":\"Question\",\"name\":\"Wie lauten Ihre R\\u00fcckgabebedingungen?\",\"acceptedAnswer\":{\"@type\":\"Answer\",\"text\":\"Wir akzeptieren R\\u00fccksendungen innerhalb von 30 Tagen nach dem Kauf. Weitere Informationen finden Sie auf unserer Seite \\u201eR\\u00fcckgabebedingungen\\u201c.\"}},{\"@type\":\"Question\",\"name\":\"Wie kann ich meine Bestellung verfolgen?\",\"acceptedAnswer\":{\"@type\":\"Answer\",\"text\":\"Sobald Ihre Bestellung versendet wird, erhalten Sie per E-Mail einen Tracking-Link f\\u00fcr Echtzeit-Updates.\"}},{\"@type\":\"Question\",\"name\":\"Gibt es Rabatte bei Gro\\u00dfeink\\u00e4ufen?\",\"acceptedAnswer\":{\"@type\":\"Answer\",\"text\":\"Ja! Kontaktieren Sie uns f\\u00fcr Sonderkonditionen f\\u00fcr Gro\\u00df- oder Gesch\\u00e4ftsk\\u00e4ufe.\"}},{\"@type\":\"Question\",\"name\":\"Wie pflege ich mein Kunstwerk?\",\"acceptedAnswer\":{\"@type\":\"Answer\",\"text\":\"Um optimale Ergebnisse zu erzielen, halten Sie Ihre Kunstwerke von direkter Sonneneinstrahlung fern und verwenden Sie sanfte Methoden zum Abstauben.\"}}]}<\/script>\n\t\t\t\t\t<\/div>\n\t\t\t\t\t\t<\/div>\n\t\t\t\t<\/div>\n\t\t\t\t<\/div>\n\t\t\t\t\t<\/div>\n\t\t\t\t<\/div>\n\t\t\t\t<\/div>","protected":false},"excerpt":{"rendered":"<p>H\u00e4ufig gestellte Fragen Hier finden Sie Antworten auf h\u00e4ufig gestellte Fragen zu unseren Kunstsammlungen, Bestellung, Versand und mehr. Welche Arten von Kunst bieten Sie an? Wir bieten eine breite Palette an Kunst an, darunter Kinderkunst, Tierkunst, abstrakte, pflanzliche, mystische und ruhige Kunst. Wie kann ich eine Bestellung aufgeben? St\u00f6bern Sie einfach in unseren Kollektionen, legen Sie die von Ihnen ausgew\u00e4hlte\u2026<\/p>","protected":false},"author":1,"featured_media":0,"parent":0,"menu_order":0,"comment_status":"closed","ping_status":"closed","template":"","meta":{"footnotes":""},"class_list":["post-7029","page","type-page","status-publish","hentry"],"_links":{"self":[{"href":"https:\/\/bildjuwel.de\/en\/wp-json\/wp\/v2\/pages\/7029","targetHints":{"allow":["GET"]}}],"collection":[{"href":"https:\/\/bildjuwel.de\/en\/wp-json\/wp\/v2\/pages"}],"about":[{"href":"https:\/\/bildjuwel.de\/en\/wp-json\/wp\/v2\/types\/page"}],"author":[{"embeddable":true,"href":"https:\/\/bildjuwel.de\/en\/wp-json\/wp\/v2\/users\/1"}],"replies":[{"embeddable":true,"href":"https:\/\/bildjuwel.de\/en\/wp-json\/wp\/v2\/comments?post=7029"}],"version-history":[{"count":4,"href":"https:\/\/bildjuwel.de\/en\/wp-json\/wp\/v2\/pages\/7029\/revisions"}],"predecessor-version":[{"id":7427,"href":"https:\/\/bildjuwel.de\/en\/wp-json\/wp\/v2\/pages\/7029\/revisions\/7427"}],"wp:attachment":[{"href":"https:\/\/bildjuwel.de\/en\/wp-json\/wp\/v2\/media?parent=7029"}],"curies":[{"name":"wp","href":"https:\/\/api.w.org\/{rel}","templated":true}]}}