{"id":7430,"date":"2024-11-14T09:49:04","date_gmt":"2024-11-14T09:49:04","guid":{"rendered":"https:\/\/bildjuwel.de\/?page_id=7430"},"modified":"2024-11-14T09:57:18","modified_gmt":"2024-11-14T09:57:18","slug":"mission","status":"publish","type":"page","link":"https:\/\/bildjuwel.de\/en\/mission\/","title":{"rendered":"Mission"},"content":{"rendered":"<h2 class=\"wp-block-heading\">R\u00e4ume mit Kunst ver\u00e4ndern<\/h2>\n\n\n\n<p>Unsere Mission bei bildjuwel ist es, Kunst zug\u00e4nglich, inspirierend und pers\u00f6nlich zu machen. Wir glauben an die transformative Kraft der Kunst, R\u00e4ume aufzuwerten, Stimmungen zu heben und Verbindungen zu schaffen, die \u00fcber die Dekoration hinausgehen.<\/p>\n\n\n\n<h2 class=\"wp-block-heading\">Kuratierte Sammlungen f\u00fcr jede Leidenschaft<\/h2>\n\n\n\n<p>Jede Kollektion wird sorgf\u00e4ltig ausgew\u00e4hlt, um eine Vielzahl von Interessen und Stilen widerzuspiegeln \u2013 von der spielerischen Essenz der Kinderkunst bis zur ruhigen Sch\u00f6nheit von der Natur inspirierter St\u00fccke. Unser Ziel ist es, Kunst zu bieten, die Ihre Individualit\u00e4t widerspiegelt und Ihren pers\u00f6nlichen Stil widerspiegelt.<\/p>\n\n\n\n<h2 class=\"wp-block-heading\">Verpflichtung zu Qualit\u00e4t und Nachhaltigkeit<\/h2>\n\n\n\n<p>Unser Ziel ist es, qualitativ hochwertige St\u00fccke anzubieten, die mit Sorgfalt und Nachhaltigkeit gefertigt werden. Durch die Unterst\u00fctzung talentierter K\u00fcnstler stellen wir sicher, dass jedes St\u00fcck eine einzigartige Perspektive und dauerhafte Qualit\u00e4t in Ihr Zuhause bringt.<\/p>\n\n\n\n<h2 class=\"wp-block-heading\">Werden Sie Teil unserer Vision<\/h2>\n\n\n\n<p>Unser Ziel ist es, bedeutungsvolle Kunst zu einem Teil jedes Zuhauses zu machen, eine Sammlung nach der anderen. Ganz gleich, ob Sie einen mutigen Ausdruck, beruhigende Gelassenheit oder skurrile Freude suchen, wir sind hier, um Ihnen dabei zu helfen, das perfekte St\u00fcck zu finden, um Ihren Raum wirklich zu Ihrem zu machen.<\/p>","protected":false},"excerpt":{"rendered":"<p>R\u00e4ume mit Kunst ver\u00e4ndern Unsere Mission bei bildjuwel ist es, Kunst zug\u00e4nglich, inspirierend und pers\u00f6nlich zu machen. Wir glauben an die transformative Kraft der Kunst, R\u00e4ume aufzuwerten, Stimmungen zu heben und Verbindungen zu schaffen, die \u00fcber die Dekoration hinausgehen. Kuratierte Sammlungen f\u00fcr jede Leidenschaft Jede Kollektion wird sorgf\u00e4ltig ausgew\u00e4hlt, um eine Vielzahl von Interessen und Stilen widerzuspiegeln \u2013 von der\u2026<\/p>","protected":false},"author":2,"featured_media":0,"parent":0,"menu_order":0,"comment_status":"closed","ping_status":"closed","template":"","meta":{"footnotes":""},"class_list":["post-7430","page","type-page","status-publish","hentry"],"_links":{"self":[{"href":"https:\/\/bildjuwel.de\/en\/wp-json\/wp\/v2\/pages\/7430","targetHints":{"allow":["GET"]}}],"collection":[{"href":"https:\/\/bildjuwel.de\/en\/wp-json\/wp\/v2\/pages"}],"about":[{"href":"https:\/\/bildjuwel.de\/en\/wp-json\/wp\/v2\/types\/page"}],"author":[{"embeddable":true,"href":"https:\/\/bildjuwel.de\/en\/wp-json\/wp\/v2\/users\/2"}],"replies":[{"embeddable":true,"href":"https:\/\/bildjuwel.de\/en\/wp-json\/wp\/v2\/comments?post=7430"}],"version-history":[{"count":3,"href":"https:\/\/bildjuwel.de\/en\/wp-json\/wp\/v2\/pages\/7430\/revisions"}],"predecessor-version":[{"id":7440,"href":"https:\/\/bildjuwel.de\/en\/wp-json\/wp\/v2\/pages\/7430\/revisions\/7440"}],"wp:attachment":[{"href":"https:\/\/bildjuwel.de\/en\/wp-json\/wp\/v2\/media?parent=7430"}],"curies":[{"name":"wp","href":"https:\/\/api.w.org\/{rel}","templated":true}]}}