{"id":7467,"date":"2024-11-14T16:35:27","date_gmt":"2024-11-14T16:35:27","guid":{"rendered":"https:\/\/bildjuwel.de\/?page_id=7467"},"modified":"2024-11-14T17:12:11","modified_gmt":"2024-11-14T17:12:11","slug":"datenschutz","status":"publish","type":"page","link":"https:\/\/bildjuwel.de\/en\/datenschutz\/","title":{"rendered":"Data Protection"},"content":{"rendered":"<h2 class=\"wp-block-heading\"><strong>Allgemeine Informationen<\/strong><\/h2>\n\n\n\n<p>Der Schutz Ihrer pers\u00f6nlichen Daten ist uns bei [Ihr Firmenname] ein besonderes Anliegen. Diese Datenschutzerkl\u00e4rung informiert Sie \u00fcber die Art, den Umfang und den Zweck der Erhebung und Verwendung Ihrer Daten auf unserer Website.<\/p>\n\n\n\n<h2 class=\"wp-block-heading\"><strong>Verantwortliche Stelle<\/strong><\/h2>\n\n\n\n<p>Die verantwortliche Stelle f\u00fcr die Datenverarbeitung auf dieser Website ist: [Ihr Firmenname, Adresse, Kontakt-E-Mail, Telefonnummer].<\/p>\n\n\n\n<h2 class=\"wp-block-heading\"><strong>Erhebung und Speicherung personenbezogener Daten<\/strong><\/h2>\n\n\n\n<p>Wir erheben personenbezogene Daten nur, wenn Sie uns diese freiwillig zur Verf\u00fcgung stellen, z.B. im Rahmen einer Bestellung, durch das Ausf\u00fcllen eines Kontaktformulars oder bei der Anmeldung zum Newsletter. Zu den Daten, die wir erheben, geh\u00f6ren Name, Adresse, E-Mail-Adresse und Zahlungsinformationen.<\/p>\n\n\n\n<h2 class=\"wp-block-heading\"><strong>Zweck der Datenverarbeitung<\/strong><\/h2>\n\n\n\n<p>Wir verwenden Ihre Daten zur Abwicklung von Bestellungen, zur Beantwortung von Anfragen und zur Verbesserung unserer Dienstleistungen. Wenn Sie unseren Newsletter abonnieren, nutzen wir Ihre E-Mail-Adresse f\u00fcr den Versand relevanter Informationen, bis Sie sich abmelden.<\/p>\n\n\n\n<h2 class=\"wp-block-heading\"><strong>Weitergabe von Daten an Dritte<\/strong><\/h2>\n\n\n\n<p>Ihre personenbezogenen Daten werden nicht ohne Ihre ausdr\u00fcckliche Zustimmung an Dritte weitergegeben, au\u00dfer in F\u00e4llen, in denen dies zur Vertragserf\u00fcllung erforderlich ist (z.B. Versandunternehmen) oder wir gesetzlich dazu verpflichtet sind.<\/p>\n\n\n\n<h2 class=\"wp-block-heading\"><strong>Cookies und Analysedienste<\/strong><\/h2>\n\n\n\n<p>Unsere Website verwendet Cookies, um die Benutzerfreundlichkeit zu verbessern und bestimmte Funktionen bereitzustellen. Zudem nutzen wir Analysedienste wie Google Analytics, um das Besucherverhalten zu analysieren und unsere Website zu optimieren. Sie k\u00f6nnen der Nutzung von Cookies jederzeit widersprechen, indem Sie Ihre Browser-Einstellungen anpassen.<\/p>\n\n\n\n<h2 class=\"wp-block-heading\"><strong>Speicherdauer der Daten<\/strong><\/h2>\n\n\n\n<p>Wir speichern Ihre personenbezogenen Daten nur solange, wie es f\u00fcr die Erf\u00fcllung der genannten Zwecke erforderlich ist oder gesetzliche Aufbewahrungsfristen bestehen. Nach Ablauf der Fristen werden die Daten gel\u00f6scht.<\/p>\n\n\n\n<h2 class=\"wp-block-heading\"><strong>Kontakt f\u00fcr Datenschutzfragen<\/strong><\/h2>\n\n\n\n<p>Bei Fragen oder Anliegen zum Datenschutz k\u00f6nnen Sie uns unter [Kontakt-E-Mail\/Telefonnummer] erreichen.<\/p>","protected":false},"excerpt":{"rendered":"<p>Allgemeine Informationen Der Schutz Ihrer pers\u00f6nlichen Daten ist uns bei [Ihr Firmenname] ein besonderes Anliegen. Diese Datenschutzerkl\u00e4rung informiert Sie \u00fcber die Art, den Umfang und den Zweck der Erhebung und Verwendung Ihrer Daten auf unserer Website. Verantwortliche Stelle Die verantwortliche Stelle f\u00fcr die Datenverarbeitung auf dieser Website ist: [Ihr Firmenname, Adresse, Kontakt-E-Mail, Telefonnummer]. Erhebung und Speicherung personenbezogener Daten Wir erheben\u2026<\/p>","protected":false},"author":2,"featured_media":0,"parent":0,"menu_order":0,"comment_status":"closed","ping_status":"closed","template":"","meta":{"footnotes":""},"class_list":["post-7467","page","type-page","status-publish","hentry"],"_links":{"self":[{"href":"https:\/\/bildjuwel.de\/en\/wp-json\/wp\/v2\/pages\/7467","targetHints":{"allow":["GET"]}}],"collection":[{"href":"https:\/\/bildjuwel.de\/en\/wp-json\/wp\/v2\/pages"}],"about":[{"href":"https:\/\/bildjuwel.de\/en\/wp-json\/wp\/v2\/types\/page"}],"author":[{"embeddable":true,"href":"https:\/\/bildjuwel.de\/en\/wp-json\/wp\/v2\/users\/2"}],"replies":[{"embeddable":true,"href":"https:\/\/bildjuwel.de\/en\/wp-json\/wp\/v2\/comments?post=7467"}],"version-history":[{"count":3,"href":"https:\/\/bildjuwel.de\/en\/wp-json\/wp\/v2\/pages\/7467\/revisions"}],"predecessor-version":[{"id":7472,"href":"https:\/\/bildjuwel.de\/en\/wp-json\/wp\/v2\/pages\/7467\/revisions\/7472"}],"wp:attachment":[{"href":"https:\/\/bildjuwel.de\/en\/wp-json\/wp\/v2\/media?parent=7467"}],"curies":[{"name":"wp","href":"https:\/\/api.w.org\/{rel}","templated":true}]}}