{"id":9,"date":"2024-11-14T10:01:51","date_gmt":"2024-11-14T10:01:51","guid":{"rendered":"http:\/\/bildjuwel.de\/?page_id=9"},"modified":"2024-11-14T11:06:45","modified_gmt":"2024-11-14T11:06:45","slug":"refund_returns-2","status":"publish","type":"page","link":"https:\/\/bildjuwel.de\/en\/refund_returns-2\/","title":{"rendered":"Refund Policy"},"content":{"rendered":"<h2 class=\"wp-block-heading\">Anspruch auf R\u00fcckerstattung<\/h2>\n\n\n\n<p>Um Anspruch auf eine R\u00fcckerstattung zu haben, m\u00fcssen die Artikel innerhalb von 30 Tagen nach Erhalt im Originalzustand und in der Originalverpackung zur\u00fcckgesandt werden. Kunstwerke m\u00fcssen unbesch\u00e4digt und in einem wiederverkaufsf\u00e4higen Zustand sein. R\u00fcckerstattungen erfolgen erst, nachdem wir den zur\u00fcckgegebenen Artikel erhalten und gepr\u00fcft haben.<\/p>\n\n\n\n<p><h2>So beantragen Sie eine R\u00fcckerstattung<\/h2><\/p>\n\n\n\n<p>Wenn Sie eine R\u00fccksendung veranlassen m\u00f6chten, wenden Sie sich bitte an unser Kundendienstteam unter [Kontakt E-Mail\/Telefon]. Wir stellen Ihnen R\u00fccksendeanweisungen zur Verf\u00fcgung, einschlie\u00dflich der R\u00fccksendeadresse und einer R\u00fccksendegenehmigungsnummer. Bitte legen Sie diese Autorisierungsnummer Ihrem Paket bei, um eine z\u00fcgige Bearbeitung zu gew\u00e4hrleisten.<\/p>\n\n\n\n<p><h2>Nicht erstattungsf\u00e4hige Artikel<\/h2><\/p>\n\n\n\n<p>Bitte beachten Sie, dass ma\u00dfgeschneiderte oder personalisierte Artikel vom Umtausch ausgeschlossen sind. Dar\u00fcber hinaus besteht f\u00fcr Artikel, die durch unsachgem\u00e4\u00dfe Pflege oder Handhabung nach dem Kauf besch\u00e4digt wurden, kein Anspruch auf R\u00fcckerstattung.<\/p>\n\n\n\n<p><h2>Bearbeitungszeit f\u00fcr R\u00fcckerstattungen<\/h2><\/p>\n\n\n\n<p>Sobald Ihre R\u00fccksendung eingegangen und gepr\u00fcft ist, benachrichtigen wir Sie \u00fcber die Genehmigung oder Ablehnung Ihrer R\u00fcckerstattung. Genehmigte R\u00fcckerstattungen werden innerhalb von 7\u201310 Werktagen bearbeitet. Die R\u00fcckerstattung wird Ihrer urspr\u00fcnglichen Zahlungsmethode gutgeschrieben.<\/p>\n\n\n\n<p><h2>Versp\u00e4tete oder fehlende R\u00fcckerstattungen<\/h2><\/p>\n\n\n\n<p>Wenn Sie Ihre R\u00fcckerstattung nach Ablauf der Bearbeitungszeit nicht erhalten haben, wenden Sie sich zun\u00e4chst an Ihre Bank oder Ihr Kreditkartenunternehmen, da die Bearbeitungszeiten variieren k\u00f6nnen. Wenn Sie Ihre R\u00fcckerstattung immer noch nicht erhalten haben, kontaktieren Sie uns bitte unter [Kontakt E-Mail\/Telefon].<\/p>","protected":false},"excerpt":{"rendered":"<p>Anspruch auf R\u00fcckerstattung Um Anspruch auf eine R\u00fcckerstattung zu haben, m\u00fcssen die Artikel innerhalb von 30 Tagen nach Erhalt im Originalzustand und in der Originalverpackung zur\u00fcckgesandt werden. Kunstwerke m\u00fcssen unbesch\u00e4digt und in einem wiederverkaufsf\u00e4higen Zustand sein. R\u00fcckerstattungen erfolgen erst, nachdem wir den zur\u00fcckgegebenen Artikel erhalten und gepr\u00fcft haben. So beantragen Sie eine R\u00fcckerstattung Wenn Sie eine R\u00fccksendung veranlassen m\u00f6chten, wenden\u2026<\/p>","protected":false},"author":1,"featured_media":0,"parent":0,"menu_order":0,"comment_status":"closed","ping_status":"closed","template":"","meta":{"footnotes":""},"class_list":["post-9","page","type-page","status-publish","hentry"],"_links":{"self":[{"href":"https:\/\/bildjuwel.de\/en\/wp-json\/wp\/v2\/pages\/9","targetHints":{"allow":["GET"]}}],"collection":[{"href":"https:\/\/bildjuwel.de\/en\/wp-json\/wp\/v2\/pages"}],"about":[{"href":"https:\/\/bildjuwel.de\/en\/wp-json\/wp\/v2\/types\/page"}],"author":[{"embeddable":true,"href":"https:\/\/bildjuwel.de\/en\/wp-json\/wp\/v2\/users\/1"}],"replies":[{"embeddable":true,"href":"https:\/\/bildjuwel.de\/en\/wp-json\/wp\/v2\/comments?post=9"}],"version-history":[{"count":2,"href":"https:\/\/bildjuwel.de\/en\/wp-json\/wp\/v2\/pages\/9\/revisions"}],"predecessor-version":[{"id":7446,"href":"https:\/\/bildjuwel.de\/en\/wp-json\/wp\/v2\/pages\/9\/revisions\/7446"}],"wp:attachment":[{"href":"https:\/\/bildjuwel.de\/en\/wp-json\/wp\/v2\/media?parent=9"}],"curies":[{"name":"wp","href":"https:\/\/api.w.org\/{rel}","templated":true}]}}