{"id":7481,"date":"2024-11-14T17:51:26","date_gmt":"2024-11-14T17:51:26","guid":{"rendered":"https:\/\/bildjuwel.de\/?post_type=product&#038;p=7481"},"modified":"2024-11-22T10:50:15","modified_gmt":"2024-11-22T10:50:15","slug":"kosmische-oase","status":"publish","type":"product","link":"https:\/\/bildjuwel.de\/en\/product\/kosmische-oase\/","title":{"rendered":"Cosmic oasis"},"content":{"rendered":"<p>Transport yourself to a cosmic wonderland where neon colors paint a surreal landscape. Majestic mountains of orange and blue rise from a swirling sea of \u200b\u200bpink and orange, while ethereal trees rise towards a sky lit by pink clouds. The celestial canvas above is dotted with planets in shades of orange, blue and purple, creating a dreamlike atmosphere that will capture your imagination. This AI-generated masterpiece combines fantasy and science fiction elements, inviting viewers to explore a realm where the impossible becomes possible.<\/p>","protected":false},"excerpt":{"rendered":"<p>Versetzen Sie sich in ein kosmisches Wunderland, in dem Neonfarben eine surreale Landschaft malen. Majest\u00e4tische Berge in Orange und Blau erheben sich aus einem wirbelnden rosa und orangefarbenen Meer, w\u00e4hrend \u00e4therische B\u00e4ume einem Himmel entgegenragen, der von rosa Wolken erleuchtet ist. Die Himmelsleinwand oben ist mit Planeten in Orange-, Blau- und Lilat\u00f6nen \u00fcbers\u00e4t, die eine traumhafte Atmosph\u00e4re schaffen, die Ihre\u2026<\/p>","protected":false},"featured_media":7482,"comment_status":"open","ping_status":"closed","template":"","meta":[],"product_brand":[],"product_cat":[54,52,56,55,57,106],"product_tag":[59,65,66,60,61,62,63,64],"class_list":{"0":"post-7481","1":"product","2":"type-product","3":"status-publish","4":"has-post-thumbnail","6":"product_cat-abstrakte-kunst","7":"product_cat-kunst-fuer-kinder","8":"product_cat-mystische-kunst","9":"product_cat-pflanzenkunst","10":"product_cat-ruhige-kunst","11":"product_cat-tierische-kunst","12":"product_tag-auslaender","13":"product_tag-futuristisch","14":"product_tag-jenseitig","15":"product_tag-kosmisch","16":"product_tag-lebendig","17":"product_tag-mystisch","18":"product_tag-planetarisch","19":"product_tag-utopisch","21":"first","22":"instock","23":"shipping-taxable","24":"purchasable","25":"product-type-simple"},"_links":{"self":[{"href":"https:\/\/bildjuwel.de\/en\/wp-json\/wp\/v2\/product\/7481","targetHints":{"allow":["GET"]}}],"collection":[{"href":"https:\/\/bildjuwel.de\/en\/wp-json\/wp\/v2\/product"}],"about":[{"href":"https:\/\/bildjuwel.de\/en\/wp-json\/wp\/v2\/types\/product"}],"replies":[{"embeddable":true,"href":"https:\/\/bildjuwel.de\/en\/wp-json\/wp\/v2\/comments?post=7481"}],"wp:featuredmedia":[{"embeddable":true,"href":"https:\/\/bildjuwel.de\/en\/wp-json\/wp\/v2\/media\/7482"}],"wp:attachment":[{"href":"https:\/\/bildjuwel.de\/en\/wp-json\/wp\/v2\/media?parent=7481"}],"wp:term":[{"taxonomy":"product_brand","embeddable":true,"href":"https:\/\/bildjuwel.de\/en\/wp-json\/wp\/v2\/product_brand?post=7481"},{"taxonomy":"product_cat","embeddable":true,"href":"https:\/\/bildjuwel.de\/en\/wp-json\/wp\/v2\/product_cat?post=7481"},{"taxonomy":"product_tag","embeddable":true,"href":"https:\/\/bildjuwel.de\/en\/wp-json\/wp\/v2\/product_tag?post=7481"}],"curies":[{"name":"wp","href":"https:\/\/api.w.org\/{rel}","templated":true}]}}