{"id":7549,"date":"2024-11-14T19:25:27","date_gmt":"2024-11-14T19:25:27","guid":{"rendered":"https:\/\/bildjuwel.de\/?post_type=product&#038;p=7549"},"modified":"2024-11-22T10:47:06","modified_gmt":"2024-11-22T10:47:06","slug":"verzauberter-waldweg","status":"publish","type":"product","link":"https:\/\/bildjuwel.de\/en\/product\/verzauberter-waldweg\/","title":{"rendered":"Enchanted forest path"},"content":{"rendered":"<p>A mesmerizing digital artwork captures a tranquil forest path bathed in ethereal light. Majestic trees frame a winding dirt road, their branches stretching toward the bright sun. Vibrant purple flowers bloom lushly on the forest floor, creating a magical carpet beneath your feet. The scene exudes calm and wonder, inviting the viewer on a journey through nature's hidden refuge.<\/p>","protected":false},"excerpt":{"rendered":"<p>Ein faszinierendes digitales Kunstwerk f\u00e4ngt einen ruhigen Waldweg ein, der in \u00e4therisches Licht getaucht ist. Majest\u00e4tische B\u00e4ume rahmen einen gewundenen Feldweg ein und ihre \u00c4ste strecken sich der strahlenden Sonne entgegen. Auf dem Waldboden bl\u00fchen \u00fcppig leuchtende violette Blumen und bilden einen magischen Teppich unter Ihren F\u00fc\u00dfen. Die Szene strahlt Ruhe und Wunder aus und l\u00e4dt den Betrachter zu einer\u2026<\/p>","protected":false},"featured_media":7555,"comment_status":"open","ping_status":"closed","template":"","meta":[],"product_brand":[],"product_cat":[54,52,56,55,57,106],"product_tag":[85,98,84,99,72,96,79,97],"class_list":{"0":"post-7549","1":"product","2":"type-product","3":"status-publish","4":"has-post-thumbnail","6":"product_cat-abstrakte-kunst","7":"product_cat-kunst-fuer-kinder","8":"product_cat-mystische-kunst","9":"product_cat-pflanzenkunst","10":"product_cat-ruhige-kunst","11":"product_cat-tierische-kunst","12":"product_tag-blumen","13":"product_tag-geheimnis","14":"product_tag-lila","15":"product_tag-magie","16":"product_tag-natur","17":"product_tag-sonnenlicht","18":"product_tag-wald","19":"product_tag-weg","21":"first","22":"instock","23":"shipping-taxable","24":"purchasable","25":"product-type-simple"},"_links":{"self":[{"href":"https:\/\/bildjuwel.de\/en\/wp-json\/wp\/v2\/product\/7549","targetHints":{"allow":["GET"]}}],"collection":[{"href":"https:\/\/bildjuwel.de\/en\/wp-json\/wp\/v2\/product"}],"about":[{"href":"https:\/\/bildjuwel.de\/en\/wp-json\/wp\/v2\/types\/product"}],"replies":[{"embeddable":true,"href":"https:\/\/bildjuwel.de\/en\/wp-json\/wp\/v2\/comments?post=7549"}],"wp:featuredmedia":[{"embeddable":true,"href":"https:\/\/bildjuwel.de\/en\/wp-json\/wp\/v2\/media\/7555"}],"wp:attachment":[{"href":"https:\/\/bildjuwel.de\/en\/wp-json\/wp\/v2\/media?parent=7549"}],"wp:term":[{"taxonomy":"product_brand","embeddable":true,"href":"https:\/\/bildjuwel.de\/en\/wp-json\/wp\/v2\/product_brand?post=7549"},{"taxonomy":"product_cat","embeddable":true,"href":"https:\/\/bildjuwel.de\/en\/wp-json\/wp\/v2\/product_cat?post=7549"},{"taxonomy":"product_tag","embeddable":true,"href":"https:\/\/bildjuwel.de\/en\/wp-json\/wp\/v2\/product_tag?post=7549"}],"curies":[{"name":"wp","href":"https:\/\/api.w.org\/{rel}","templated":true}]}}